{"id":27,"date":"2025-06-15T12:18:01","date_gmt":"2025-06-15T12:18:01","guid":{"rendered":"https:\/\/www.uppertunit.com\/?page_id=27"},"modified":"2025-06-15T16:17:59","modified_gmt":"2025-06-15T16:17:59","slug":"clearos","status":"publish","type":"page","link":"https:\/\/www.uppertunit.com\/?page_id=27","title":{"rendered":"ClearOS"},"content":{"rendered":"\n<div style=\"height:50px\" aria-hidden=\"true\" class=\"wp-block-spacer\"><\/div>\n\n\n\n<p><strong>ClearOS: Een zeer krachtig en eenvoudig alternatief voor Windows Server<\/strong><\/p>\n\n\n\n<p>ClearOS biedt een alles-in-\u00e9\u00e9n besturingssysteem dat uw IT-behoeften centraliseert en vereenvoudigt. Speciaal ontworpen voor kleine en middelgrote bedrijven, maakt ClearOS het beheren van uw netwerk, server en beveiliging eenvoudig en kosteneffectief.<\/p>\n\n\n\n<p><\/p>\n\n\n\n<p><strong>Waarom kiezen voor ClearOS?<\/strong><\/p>\n\n\n\n<ul class=\"wp-block-list\">\n<li><strong>Volledige controle:<\/strong> Beheer uw IT-omgeving met een gebruiksvriendelijke interface en zonder de noodzaak van diepgaande technische kennis.<\/li>\n\n\n\n<li><strong>Complete oplossing:<\/strong> ClearOS combineert netwerkbeheer, cloud-integratie, beveiliging en meer in \u00e9\u00e9n intu\u00eftief platform.<\/li>\n\n\n\n<li><strong>Veiligheid voorop:<\/strong> Bescherm uw netwerk tegen virussen, malware en indringers met ingebouwde firewall- en antivirusopties.<\/li>\n\n\n\n<li><strong>Flexibel en schaalbaar:<\/strong> Kies uit honderden apps en diensten in de ClearOS Marketplace om de functionaliteit van uw systeem uit te breiden, precies zoals u dat nodig heeft.<\/li>\n\n\n\n<li><strong>Kostenbesparend:<\/strong> ClearOS is een betaalbaar alternatief voor dure serveroplossingen, zonder concessies te doen aan kwaliteit of prestaties. Start vandaag nog met de gratis versie.<\/li>\n<\/ul>\n\n\n\n<p>Met ClearOS krijgt u de kracht en flexibiliteit van een enterprise-grade oplossing, perfect aangepast aan de behoeften van uw groeiende bedrijf. Zet de volgende stap naar een eenvoudig en effici\u00ebnt IT-beheer met ClearOS !<\/p>\n\n\n\n<p><\/p>\n","protected":false},"excerpt":{"rendered":"<p>ClearOS: Een zeer krachtig en eenvoudig alternatief voor Windows Server ClearOS biedt een alles-in-\u00e9\u00e9n besturingssysteem dat uw IT-behoeften centraliseert en [&hellip;]<\/p>\n","protected":false},"author":1,"featured_media":0,"parent":0,"menu_order":0,"comment_status":"closed","ping_status":"closed","template":"","meta":{"site-sidebar-layout":"default","site-content-layout":"","ast-site-content-layout":"","site-content-style":"default","site-sidebar-style":"default","ast-global-header-display":"","ast-banner-title-visibility":"","ast-main-header-display":"","ast-hfb-above-header-display":"","ast-hfb-below-header-display":"","ast-hfb-mobile-header-display":"","site-post-title":"","ast-breadcrumbs-content":"","ast-featured-img":"","footer-sml-layout":"","theme-transparent-header-meta":"","adv-header-id-meta":"","stick-header-meta":"","header-above-stick-meta":"","header-main-stick-meta":"","header-below-stick-meta":"","astra-migrate-meta-layouts":"default","ast-page-background-enabled":"default","ast-page-background-meta":{"desktop":{"background-color":"var(--ast-global-color-5)","background-image":"","background-repeat":"repeat","background-position":"center center","background-size":"auto","background-attachment":"scroll","background-type":"","background-media":"","overlay-type":"","overlay-color":"","overlay-opacity":"","overlay-gradient":""},"tablet":{"background-color":"","background-image":"","background-repeat":"repeat","background-position":"center center","background-size":"auto","background-attachment":"scroll","background-type":"","background-media":"","overlay-type":"","overlay-color":"","overlay-opacity":"","overlay-gradient":""},"mobile":{"background-color":"","background-image":"","background-repeat":"repeat","background-position":"center center","background-size":"auto","background-attachment":"scroll","background-type":"","background-media":"","overlay-type":"","overlay-color":"","overlay-opacity":"","overlay-gradient":""}},"ast-content-background-meta":{"desktop":{"background-color":"var(--ast-global-color-4)","background-image":"","background-repeat":"repeat","background-position":"center center","background-size":"auto","background-attachment":"scroll","background-type":"","background-media":"","overlay-type":"","overlay-color":"","overlay-opacity":"","overlay-gradient":""},"tablet":{"background-color":"var(--ast-global-color-4)","background-image":"","background-repeat":"repeat","background-position":"center center","background-size":"auto","background-attachment":"scroll","background-type":"","background-media":"","overlay-type":"","overlay-color":"","overlay-opacity":"","overlay-gradient":""},"mobile":{"background-color":"var(--ast-global-color-4)","background-image":"","background-repeat":"repeat","background-position":"center center","background-size":"auto","background-attachment":"scroll","background-type":"","background-media":"","overlay-type":"","overlay-color":"","overlay-opacity":"","overlay-gradient":""}},"footnotes":""},"class_list":["post-27","page","type-page","status-publish","hentry"],"_links":{"self":[{"href":"https:\/\/www.uppertunit.com\/index.php?rest_route=\/wp\/v2\/pages\/27","targetHints":{"allow":["GET"]}}],"collection":[{"href":"https:\/\/www.uppertunit.com\/index.php?rest_route=\/wp\/v2\/pages"}],"about":[{"href":"https:\/\/www.uppertunit.com\/index.php?rest_route=\/wp\/v2\/types\/page"}],"author":[{"embeddable":true,"href":"https:\/\/www.uppertunit.com\/index.php?rest_route=\/wp\/v2\/users\/1"}],"replies":[{"embeddable":true,"href":"https:\/\/www.uppertunit.com\/index.php?rest_route=%2Fwp%2Fv2%2Fcomments&post=27"}],"version-history":[{"count":4,"href":"https:\/\/www.uppertunit.com\/index.php?rest_route=\/wp\/v2\/pages\/27\/revisions"}],"predecessor-version":[{"id":117,"href":"https:\/\/www.uppertunit.com\/index.php?rest_route=\/wp\/v2\/pages\/27\/revisions\/117"}],"wp:attachment":[{"href":"https:\/\/www.uppertunit.com\/index.php?rest_route=%2Fwp%2Fv2%2Fmedia&parent=27"}],"curies":[{"name":"wp","href":"https:\/\/api.w.org\/{rel}","templated":true}]}}